{"id":3176,"date":"2021-05-01T21:00:31","date_gmt":"2021-05-01T19:00:31","guid":{"rendered":"https:\/\/rpjam.academy\/wegbeschreibung\/"},"modified":"2024-05-11T18:17:31","modified_gmt":"2024-05-11T16:17:31","slug":"directions","status":"publish","type":"page","link":"https:\/\/rpjam.academy\/en\/directions\/","title":{"rendered":"Directions"},"content":{"rendered":"<p>[et_pb_section fb_built=&#8221;1&#8243; _builder_version=&#8221;4.16&#8243; _module_preset=&#8221;default&#8221; global_colors_info=&#8221;{}&#8221;][et_pb_row _builder_version=&#8221;4.16&#8243; _module_preset=&#8221;default&#8221; animation_style=&#8221;flip&#8221; global_colors_info=&#8221;{}&#8221;][et_pb_column type=&#8221;4_4&#8243; _builder_version=&#8221;4.16&#8243; _module_preset=&#8221;default&#8221; global_colors_info=&#8221;{}&#8221;][et_pb_text _builder_version=&#8221;4.20.4&#8243; _module_preset=&#8221;default&#8221; hover_enabled=&#8221;0&#8243; global_colors_info=&#8221;{}&#8221; sticky_enabled=&#8221;0&#8243;]<\/p>\n<div class=\"et_pb_module et_pb_text et_pb_text_1  et_pb_text_align_left et_pb_bg_layout_light\">\n<div class=\"et_pb_text_inner\">\n<p><strong>Directions<\/strong><\/p>\n<p><strong>Coming from the A 45 from Dortmund<\/strong><\/p>\n<p>Leave the A 45 at Gie\u00dfener S\u00fcdkreuz in the direction of Gie\u00dfen. Take the &#8220;Licher Stra\u00dfe&#8221; exit and turn left. Turn right at the next set of traffic lights. RPJAM is the white building with the &#8220;MEOM&#8221; module on the left-hand side.<\/p>\n<p><strong>Coming from the A5 from Kassel<\/strong><\/p>\n<p>Leave the A5 at the Reiskirchen junction in the direction of Gie\u00dfen. At Gie\u00dfener Nordkreuz take the A 485 towards Gie\u00dfen. Take the &#8220;Licher Stra\u00dfe&#8221; exit and turn right. Follow the road to the 2nd set of traffic lights and turn right towards &#8220;An der Automeile&#8221;. RPJAM is the white building with the &#8220;MEOM&#8221; module on the left-hand side.<\/p>\n<p><strong>Coming from the A 45 from Aschaffenburg<\/strong><\/p>\n<p>Leave the A 45 at Gie\u00dfener S\u00fcdkreuz in the direction of Gie\u00dfen. Then as &#8220;coming from Dortmund&#8221;.<\/p>\n<p><strong>Coming from the A 5 from Frankfurt<\/strong><\/p>\n<p>Leave the A5 at the Gambacher Kreuz junction in the direction of Dortmund\/Gie\u00dfen. At Gie\u00dfener S\u00fcdkreuz leave the A 45 in the direction of Gie\u00dfen. Then as &#8220;coming from Dortmund&#8221;.<\/p>\n<\/div>\n<\/div>\n<p>[\/et_pb_text][\/et_pb_column][\/et_pb_row][\/et_pb_section]<\/p>\n","protected":false},"excerpt":{"rendered":"<p>Directions Coming from the A 45 from Dortmund Leave the A 45 at Gie\u00dfener S\u00fcdkreuz in the direction of Gie\u00dfen. Take the &#8220;Licher Stra\u00dfe&#8221; exit and turn left. Turn right [&hellip;]<\/p>\n","protected":false},"author":1,"featured_media":0,"parent":0,"menu_order":0,"comment_status":"closed","ping_status":"closed","template":"","meta":{"_et_pb_use_builder":"on","_et_pb_old_content":"","_et_gb_content_width":"","footnotes":""},"class_list":["post-3176","page","type-page","status-publish","hentry"],"yoast_head":"<!-- This site is optimized with the Yoast SEO plugin v27.4 - https:\/\/yoast.com\/product\/yoast-seo-wordpress\/ -->\n<title>Directions - rpjam.academy<\/title>\n<meta name=\"robots\" content=\"index, follow, max-snippet:-1, max-image-preview:large, max-video-preview:-1\" \/>\n<link rel=\"canonical\" href=\"https:\/\/rpjam.academy\/wegbeschreibung\/\" \/>\n<meta property=\"og:locale\" content=\"en_US\" \/>\n<meta property=\"og:type\" content=\"article\" \/>\n<meta property=\"og:title\" content=\"Directions - rpjam.academy\" \/>\n<meta property=\"og:description\" content=\"Directions Coming from the A 45 from Dortmund Leave the A 45 at Gie\u00dfener S\u00fcdkreuz in the direction of Gie\u00dfen. Take the &quot;Licher Stra\u00dfe&quot; exit and turn left. Turn right [&hellip;]\" \/>\n<meta property=\"og:url\" content=\"https:\/\/rpjam.academy\/wegbeschreibung\/\" \/>\n<meta property=\"og:site_name\" content=\"rpjam.academy\" \/>\n<meta property=\"article:publisher\" content=\"https:\/\/www.facebook.com\/RPJAM\" \/>\n<meta property=\"article:modified_time\" content=\"2024-05-11T16:17:31+00:00\" \/>\n<meta name=\"twitter:card\" content=\"summary_large_image\" \/>\n<script type=\"application\/ld+json\" class=\"yoast-schema-graph\">{\"@context\":\"https:\\\/\\\/schema.org\",\"@graph\":[{\"@type\":\"WebPage\",\"@id\":\"https:\\\/\\\/rpjam.academy\\\/wegbeschreibung\\\/\",\"url\":\"https:\\\/\\\/rpjam.academy\\\/wegbeschreibung\\\/\",\"name\":\"Directions - rpjam.academy\",\"isPartOf\":{\"@id\":\"https:\\\/\\\/rpjam.academy\\\/#website\"},\"datePublished\":\"2021-05-01T19:00:31+00:00\",\"dateModified\":\"2024-05-11T16:17:31+00:00\",\"breadcrumb\":{\"@id\":\"https:\\\/\\\/rpjam.academy\\\/wegbeschreibung\\\/#breadcrumb\"},\"inLanguage\":\"en-US\",\"potentialAction\":[{\"@type\":\"ReadAction\",\"target\":[\"https:\\\/\\\/rpjam.academy\\\/wegbeschreibung\\\/\"]}]},{\"@type\":\"BreadcrumbList\",\"@id\":\"https:\\\/\\\/rpjam.academy\\\/wegbeschreibung\\\/#breadcrumb\",\"itemListElement\":[{\"@type\":\"ListItem\",\"position\":1,\"name\":\"Startseite\",\"item\":\"https:\\\/\\\/rpjam.academy\\\/en\\\/\"},{\"@type\":\"ListItem\",\"position\":2,\"name\":\"Directions\"}]},{\"@type\":\"WebSite\",\"@id\":\"https:\\\/\\\/rpjam.academy\\\/#website\",\"url\":\"https:\\\/\\\/rpjam.academy\\\/\",\"name\":\"rpjam.academy\",\"description\":\"Rock Pop Jazz Academy of Music RPJAM\",\"potentialAction\":[{\"@type\":\"SearchAction\",\"target\":{\"@type\":\"EntryPoint\",\"urlTemplate\":\"https:\\\/\\\/rpjam.academy\\\/?s={search_term_string}\"},\"query-input\":{\"@type\":\"PropertyValueSpecification\",\"valueRequired\":true,\"valueName\":\"search_term_string\"}}],\"inLanguage\":\"en-US\"}]}<\/script>\n<!-- \/ Yoast SEO plugin. -->","yoast_head_json":{"title":"Directions - rpjam.academy","robots":{"index":"index","follow":"follow","max-snippet":"max-snippet:-1","max-image-preview":"max-image-preview:large","max-video-preview":"max-video-preview:-1"},"canonical":"https:\/\/rpjam.academy\/wegbeschreibung\/","og_locale":"en_US","og_type":"article","og_title":"Directions - rpjam.academy","og_description":"Directions Coming from the A 45 from Dortmund Leave the A 45 at Gie\u00dfener S\u00fcdkreuz in the direction of Gie\u00dfen. Take the \"Licher Stra\u00dfe\" exit and turn left. Turn right [&hellip;]","og_url":"https:\/\/rpjam.academy\/wegbeschreibung\/","og_site_name":"rpjam.academy","article_publisher":"https:\/\/www.facebook.com\/RPJAM","article_modified_time":"2024-05-11T16:17:31+00:00","twitter_card":"summary_large_image","schema":{"@context":"https:\/\/schema.org","@graph":[{"@type":"WebPage","@id":"https:\/\/rpjam.academy\/wegbeschreibung\/","url":"https:\/\/rpjam.academy\/wegbeschreibung\/","name":"Directions - rpjam.academy","isPartOf":{"@id":"https:\/\/rpjam.academy\/#website"},"datePublished":"2021-05-01T19:00:31+00:00","dateModified":"2024-05-11T16:17:31+00:00","breadcrumb":{"@id":"https:\/\/rpjam.academy\/wegbeschreibung\/#breadcrumb"},"inLanguage":"en-US","potentialAction":[{"@type":"ReadAction","target":["https:\/\/rpjam.academy\/wegbeschreibung\/"]}]},{"@type":"BreadcrumbList","@id":"https:\/\/rpjam.academy\/wegbeschreibung\/#breadcrumb","itemListElement":[{"@type":"ListItem","position":1,"name":"Startseite","item":"https:\/\/rpjam.academy\/en\/"},{"@type":"ListItem","position":2,"name":"Directions"}]},{"@type":"WebSite","@id":"https:\/\/rpjam.academy\/#website","url":"https:\/\/rpjam.academy\/","name":"rpjam.academy","description":"Rock Pop Jazz Academy of Music RPJAM","potentialAction":[{"@type":"SearchAction","target":{"@type":"EntryPoint","urlTemplate":"https:\/\/rpjam.academy\/?s={search_term_string}"},"query-input":{"@type":"PropertyValueSpecification","valueRequired":true,"valueName":"search_term_string"}}],"inLanguage":"en-US"}]}},"_links":{"self":[{"href":"https:\/\/rpjam.academy\/en\/wp-json\/wp\/v2\/pages\/3176","targetHints":{"allow":["GET"]}}],"collection":[{"href":"https:\/\/rpjam.academy\/en\/wp-json\/wp\/v2\/pages"}],"about":[{"href":"https:\/\/rpjam.academy\/en\/wp-json\/wp\/v2\/types\/page"}],"author":[{"embeddable":true,"href":"https:\/\/rpjam.academy\/en\/wp-json\/wp\/v2\/users\/1"}],"replies":[{"embeddable":true,"href":"https:\/\/rpjam.academy\/en\/wp-json\/wp\/v2\/comments?post=3176"}],"version-history":[{"count":0,"href":"https:\/\/rpjam.academy\/en\/wp-json\/wp\/v2\/pages\/3176\/revisions"}],"wp:attachment":[{"href":"https:\/\/rpjam.academy\/en\/wp-json\/wp\/v2\/media?parent=3176"}],"curies":[{"name":"wp","href":"https:\/\/api.w.org\/{rel}","templated":true}]}}