{"id":3276,"date":"2020-05-27T18:11:00","date_gmt":"2020-05-27T16:11:00","guid":{"rendered":"https:\/\/rpjam.academy\/klavier-keyboard\/"},"modified":"2021-06-16T12:43:02","modified_gmt":"2021-06-16T10:43:02","slug":"piano-keyboard","status":"publish","type":"page","link":"https:\/\/rpjam.academy\/en\/piano-keyboard\/","title":{"rendered":"Piano-Keyboard"},"content":{"rendered":"<p>[et_pb_section fb_built=&#8221;1&#8243; fullwidth=&#8221;on&#8221; _builder_version=&#8221;4.9.4&#8243; background_enable_color=&#8221;off&#8221; use_background_color_gradient=&#8221;on&#8221; background_color_gradient_start=&#8221;rgba(0,0,0,0.71)&#8221; background_color_gradient_end=&#8221;rgba(0,0,0,0)&#8221; background_color_gradient_direction=&#8221;161deg&#8221; background_color_gradient_start_position=&#8221;21%&#8221; background_color_gradient_overlays_image=&#8221;on&#8221; background_image=&#8221;https:\/\/rpjam.academy\/wp-content\/uploads\/2020\/06\/klavier-musikhochschule-musikakademie-popakademie.jpg&#8221; animation_style=&#8221;flip&#8221;][et_pb_fullwidth_header _builder_version=&#8221;4.9.4&#8243; title_font=&#8221;Prompt|800|||||||&#8221; title_text_align=&#8221;center&#8221; title_text_color=&#8221;#000000&#8243; title_font_size=&#8221;40px&#8221; content_font=&#8221;Prompt|300|||||||&#8221; content_text_align=&#8221;center&#8221; content_text_color=&#8221;#000000&#8243; content_font_size=&#8221;18px&#8221; subhead_font=&#8221;Prompt||||||||&#8221; background_enable_color=&#8221;off&#8221; custom_padding=&#8221;169px||169px||true|&#8221; animation_style=&#8221;flip&#8221;]<\/p>\n<h1><span style=\"color: #ffffff;\">Piano &amp; Keyboard<\/span><span style=\"color: #fe0000;\">.<\/span><span style=\"color: #ffffff;\"><\/span><\/h1>\n<p>[\/et_pb_fullwidth_header][\/et_pb_section][et_pb_section fb_built=&#8221;1&#8243; admin_label=&#8221;Best Beans&#8221; _builder_version=&#8221;4.9.4&#8243; background_color=&#8221;#9aa5a7&#8243; background_color_gradient_direction=&#8221;90deg&#8221; custom_padding=&#8221;0px|0px|0px|0px&#8221;][et_pb_row _builder_version=&#8221;4.9.4&#8243; _module_preset=&#8221;default&#8221;][et_pb_column type=&#8221;4_4&#8243; _builder_version=&#8221;4.9.4&#8243; _module_preset=&#8221;default&#8221;][et_pb_image src=&#8221;https:\/\/rpjam.academy\/wp-content\/uploads\/2021\/05\/Bildschirmfoto-2021-05-27-um-21.28.15.png&#8221; _builder_version=&#8221;4.9.4&#8243; _module_preset=&#8221;default&#8221; title_text=&#8221;Bildschirmfoto 2021-05-27 um 21.28.15&#8243; hover_enabled=&#8221;0&#8243; sticky_enabled=&#8221;0&#8243;][\/et_pb_image][\/et_pb_column][\/et_pb_row][\/et_pb_section][et_pb_section fb_built=&#8221;1&#8243; admin_label=&#8221;Footer&#8221; _builder_version=&#8221;4.4.6&#8243; background_color_gradient_direction=&#8221;90deg&#8221; background_enable_image=&#8221;off&#8221; parallax=&#8221;on&#8221; custom_padding=&#8221;0px|0px|0px|0px&#8221; saved_tabs=&#8221;all&#8221; locked=&#8221;off&#8221;][et_pb_row column_structure=&#8221;1_2,1_2&#8243; use_custom_gutter=&#8221;on&#8221; gutter_width=&#8221;1&#8243; make_equal=&#8221;on&#8221; admin_label=&#8221;Footer Row&#8221; module_class=&#8221; et_pb_row_fullwidth&#8221; _builder_version=&#8221;4.4.6&#8243; width=&#8221;100%&#8221; width_tablet=&#8221;100%&#8221; width_phone=&#8221;&#8221; width_last_edited=&#8221;on|desktop&#8221; max_width=&#8221;100%&#8221; max_width_tablet=&#8221;100%&#8221; max_width_phone=&#8221;&#8221; max_width_last_edited=&#8221;on|desktop&#8221; custom_margin=&#8221;|||&#8221; custom_padding=&#8221;0px|0px|0px|0px&#8221; make_fullwidth=&#8221;on&#8221;][et_pb_column type=&#8221;1_2&#8243; _builder_version=&#8221;4.4.6&#8243; background_color=&#8221;#9aa5a7&#8243; custom_padding=&#8221;100px|10%|100px|10%&#8221; custom_padding_tablet=&#8221;&#8221; custom_padding_phone=&#8221;&#8221; custom_padding_last_edited=&#8221;on|phone&#8221; padding_last_edited=&#8221;on|phone&#8221; custom_padding__hover=&#8221;|||&#8221;][et_pb_text admin_label=&#8221;Tittle&#8221; _builder_version=&#8221;4.4.6&#8243; text_font=&#8221;Oswald||||&#8221; link_font=&#8221;||||||||&#8221; ul_font=&#8221;||||||||&#8221; ol_font=&#8221;||||||||&#8221; quote_font=&#8221;||||||||&#8221; header_font=&#8221;||||||||&#8221; header_2_font=&#8221;Prompt|800|||||||&#8221; header_2_text_align=&#8221;left&#8221; header_2_font_size=&#8221;36px&#8221; header_2_line_height=&#8221;1.5em&#8221; background_layout=&#8221;dark&#8221; custom_margin=&#8221;||4%|&#8221; locked=&#8221;off&#8221;]<\/p>\n<h2>Start of course<span style=\"color: #fe0000;\">.<\/span><\/h2>\n<p>[\/et_pb_text][et_pb_text admin_label=&#8221;Texts&#8221; _builder_version=&#8221;4.4.6&#8243; text_font=&#8221;Nunito||||&#8221; text_font_size=&#8221;16px&#8221; text_line_height=&#8221;1.5em&#8221; header_font=&#8221;Oswald|||on|&#8221; header_text_color=&#8221;#DCA57D&#8221; header_font_size=&#8221;16px&#8221; header_letter_spacing=&#8221;2px&#8221; header_line_height=&#8221;1.7em&#8221; header_3_font=&#8221;Prompt|800|||||||&#8221; header_3_text_color=&#8221;rgba(255,255,255,0.54)&#8221; header_4_font=&#8221;Oswald|||on|||||&#8221; header_4_text_color=&#8221;#DCA57D&#8221; header_4_font_size=&#8221;16px&#8221; header_4_letter_spacing=&#8221;1px&#8221; header_4_line_height=&#8221;1.5em&#8221; background_layout=&#8221;dark&#8221; custom_margin=&#8221;||6%|&#8221; locked=&#8221;off&#8221;]<\/p>\n<h3>Summer semester<\/h3>\n<p>March 1st<\/p>\n<p>[\/et_pb_text][et_pb_text admin_label=&#8221;Texts&#8221; _builder_version=&#8221;4.4.6&#8243; text_font=&#8221;Nunito||||&#8221; text_font_size=&#8221;16px&#8221; text_line_height=&#8221;1.5em&#8221; header_font=&#8221;Oswald|||on|&#8221; header_text_color=&#8221;#DCA57D&#8221; header_font_size=&#8221;16px&#8221; header_letter_spacing=&#8221;2px&#8221; header_line_height=&#8221;1.7em&#8221; header_3_font=&#8221;Prompt|800|||||||&#8221; header_3_text_color=&#8221;rgba(255,255,255,0.54)&#8221; header_4_font=&#8221;Oswald|||on|||||&#8221; header_4_text_color=&#8221;#DCA57D&#8221; header_4_font_size=&#8221;16px&#8221; header_4_letter_spacing=&#8221;1px&#8221; header_4_line_height=&#8221;1.5em&#8221; background_layout=&#8221;dark&#8221; custom_margin=&#8221;||6%|&#8221; locked=&#8221;off&#8221;]<\/p>\n<h3>Winter semester<\/h3>\n<p>September 1st<\/p>\n<p>[\/et_pb_text][et_pb_button button_url=&#8221;https:\/\/rpjam.academy\/en\/apply-now\/&#8221; button_text=&#8221;Apply now&#8221; button_alignment=&#8221;left&#8221; _builder_version=&#8221;4.4.7&#8243; custom_button=&#8221;on&#8221; button_text_size=&#8221;15px&#8221; button_text_color=&#8221;#ffffff&#8221; button_bg_color=&#8221;#e2292b&#8221; button_border_width=&#8221;10px&#8221; button_border_color=&#8221;#e2292b&#8221; button_border_radius=&#8221;0px&#8221; button_letter_spacing=&#8221;3px&#8221; button_font=&#8221;Oswald|||on|&#8221; button_use_icon=&#8221;off&#8221; custom_margin=&#8221;47px|||||&#8221; button_text_shadow_style=&#8221;preset2&#8243; box_shadow_style=&#8221;preset3&#8243; button_border_color_hover=&#8221;#c99872&#8243; button_border_radius_hover=&#8221;0px&#8221; button_letter_spacing_hover=&#8221;3px&#8221; button_bg_color_hover=&#8221;#c99872&#8243; locked=&#8221;off&#8221; button_text_size__hover_enabled=&#8221;off&#8221; button_one_text_size__hover_enabled=&#8221;off&#8221; button_two_text_size__hover_enabled=&#8221;off&#8221; button_text_color__hover_enabled=&#8221;off&#8221; button_one_text_color__hover_enabled=&#8221;off&#8221; button_two_text_color__hover_enabled=&#8221;off&#8221; button_border_width__hover_enabled=&#8221;off&#8221; button_one_border_width__hover_enabled=&#8221;off&#8221; button_two_border_width__hover_enabled=&#8221;off&#8221; button_border_color__hover_enabled=&#8221;on|hover&#8221; button_border_color__hover=&#8221;#e20003&#8243; button_one_border_color__hover_enabled=&#8221;off&#8221; button_two_border_color__hover_enabled=&#8221;off&#8221; button_border_radius__hover_enabled=&#8221;on&#8221; button_border_radius__hover=&#8221;0px&#8221; button_one_border_radius__hover_enabled=&#8221;off&#8221; button_two_border_radius__hover_enabled=&#8221;off&#8221; button_letter_spacing__hover_enabled=&#8221;on&#8221; button_letter_spacing__hover=&#8221;3px&#8221; button_one_letter_spacing__hover_enabled=&#8221;off&#8221; button_two_letter_spacing__hover_enabled=&#8221;off&#8221; button_bg_color__hover_enabled=&#8221;on|hover&#8221; button_bg_color__hover=&#8221;#e20003&#8243; button_one_bg_color__hover_enabled=&#8221;off&#8221; button_two_bg_color__hover_enabled=&#8221;off&#8221; button_bg_enable_color__hover=&#8221;on&#8221;][\/et_pb_button][\/et_pb_column][et_pb_column type=&#8221;1_2&#8243; _builder_version=&#8221;4.4.6&#8243; background_color=&#8221;#262626&#8243; custom_padding=&#8221;100px|10%|100px|10%&#8221; custom_padding__hover=&#8221;|||&#8221;][et_pb_text admin_label=&#8221;Texts&#8221; _builder_version=&#8221;4.4.6&#8243; text_font=&#8221;Oswald||||&#8221; link_font=&#8221;||||||||&#8221; ul_font=&#8221;||||||||&#8221; ol_font=&#8221;||||||||&#8221; quote_font=&#8221;||||||||&#8221; header_font=&#8221;||||||||&#8221; header_2_font=&#8221;Prompt|800|||||||&#8221; header_2_text_align=&#8221;left&#8221; header_2_font_size=&#8221;36px&#8221; header_2_line_height=&#8221;1.5em&#8221; background_layout=&#8221;dark&#8221; custom_margin=&#8221;||4%|&#8221; custom_padding=&#8221;|||&#8221; locked=&#8221;off&#8221;]<\/p>\n<h2>How to reach us<span style=\"color: #fe0000;\">.<\/span><\/h2>\n<p>[\/et_pb_text][et_pb_text admin_label=&#8221;Texts&#8221; _builder_version=&#8221;4.4.6&#8243; text_font=&#8221;Nunito||||&#8221; text_font_size=&#8221;16px&#8221; text_line_height=&#8221;1.5em&#8221; header_font=&#8221;Oswald|||on|&#8221; header_text_color=&#8221;#DCA57D&#8221; header_font_size=&#8221;16px&#8221; header_letter_spacing=&#8221;2px&#8221; header_line_height=&#8221;1.7em&#8221; header_3_font=&#8221;Prompt|800|||||||&#8221; header_3_text_color=&#8221;rgba(255,255,255,0.54)&#8221; header_4_font=&#8221;Oswald|||on|||||&#8221; header_4_text_color=&#8221;#DCA57D&#8221; header_4_font_size=&#8221;16px&#8221; header_4_letter_spacing=&#8221;1px&#8221; header_4_line_height=&#8221;1.5em&#8221; background_layout=&#8221;dark&#8221; custom_margin=&#8221;||6%|&#8221; locked=&#8221;off&#8221;]<\/p>\n<h3>E-Mail<\/h3>\n<h3><a href=\"mailto:office@rpjam.de\"><span style=\"font-size: 16px; color: #ffffff; font-family: Nunito, Helvetica, Arial, Lucida, sans-serif; font-weight: 500;\">office@rpjam.de<\/span><\/a><\/h3>\n<p>[\/et_pb_text][et_pb_text admin_label=&#8221;Texts&#8221; _builder_version=&#8221;4.4.6&#8243; text_font=&#8221;Nunito||||&#8221; text_font_size=&#8221;16px&#8221; text_line_height=&#8221;1.5em&#8221; header_font=&#8221;Oswald|||on|&#8221; header_text_color=&#8221;#DCA57D&#8221; header_font_size=&#8221;16px&#8221; header_letter_spacing=&#8221;2px&#8221; header_line_height=&#8221;1.7em&#8221; header_3_font=&#8221;Prompt|800|||||||&#8221; header_3_text_color=&#8221;rgba(255,255,255,0.54)&#8221; header_4_font=&#8221;Oswald|||on|||||&#8221; header_4_text_color=&#8221;#DCA57D&#8221; header_4_font_size=&#8221;16px&#8221; header_4_letter_spacing=&#8221;1px&#8221; header_4_line_height=&#8221;1.5em&#8221; background_layout=&#8221;dark&#8221; custom_margin=&#8221;||6%|&#8221; locked=&#8221;off&#8221;]<\/p>\n<h3>Phone<\/h3>\n<h3><span style=\"font-size: 16px; color: #ffffff; font-family: Nunito, Helvetica, Arial, Lucida, sans-serif; font-weight: 500;\">+49 641 &#8211;\u00a0<span>13 27 04 85<\/span><\/span><\/h3>\n<p>[\/et_pb_text][et_pb_text admin_label=&#8221;Texts&#8221; _builder_version=&#8221;4.4.6&#8243; text_font=&#8221;Prompt|300|||||||&#8221; text_font_size=&#8221;16px&#8221; text_line_height=&#8221;1.5em&#8221; header_font=&#8221;Oswald|||on|&#8221; header_text_color=&#8221;#DCA57D&#8221; header_font_size=&#8221;16px&#8221; header_letter_spacing=&#8221;2px&#8221; header_line_height=&#8221;1.7em&#8221; header_3_font=&#8221;Prompt|800|||||||&#8221; header_3_text_color=&#8221;rgba(255,255,255,0.54)&#8221; header_4_font=&#8221;Oswald|||on|||||&#8221; header_4_text_color=&#8221;#DCA57D&#8221; header_4_font_size=&#8221;16px&#8221; header_4_letter_spacing=&#8221;1px&#8221; header_4_line_height=&#8221;1.5em&#8221; background_layout=&#8221;dark&#8221; custom_margin=&#8221;||6%|&#8221; locked=&#8221;off&#8221;]<\/p>\n<h3>Address<\/h3>\n<p>Gr\u00fcnberger Stra\u00dfe 140 &#8211; Building 600<br \/>35394 Gie\u00dfen<\/p>\n<p>[\/et_pb_text][\/et_pb_column][\/et_pb_row][\/et_pb_section]<\/p>\n","protected":false},"excerpt":{"rendered":"<p>Piano &amp; Keyboard.Start of course.Summer semester March 1stWinter semester September 1stHow to reach us.E-Mail office@rpjam.dePhone +49 641 &#8211;\u00a013 27 04 85Address Gr\u00fcnberger Stra\u00dfe 140 &#8211; Building 60035394 Gie\u00dfen<\/p>\n","protected":false},"author":1,"featured_media":0,"parent":0,"menu_order":0,"comment_status":"closed","ping_status":"closed","template":"","meta":{"_et_pb_use_builder":"on","_et_pb_old_content":"","_et_gb_content_width":"","footnotes":""},"class_list":["post-3276","page","type-page","status-publish","hentry"],"yoast_head":"<!-- This site is optimized with the Yoast SEO plugin v27.3 - https:\/\/yoast.com\/product\/yoast-seo-wordpress\/ -->\n<title>Piano and keyboard in music studies at the RPJAM music academy<\/title>\n<meta name=\"description\" content=\"In your music studies at the RPJAM Music Academy, focus on the keyboard instruments piano and keyboard. Click here for more information.\" \/>\n<meta name=\"robots\" content=\"index, follow, max-snippet:-1, max-image-preview:large, max-video-preview:-1\" \/>\n<link rel=\"canonical\" href=\"https:\/\/rpjam.academy\/klavier-keyboard\/\" \/>\n<meta property=\"og:locale\" content=\"en_US\" \/>\n<meta property=\"og:type\" content=\"article\" \/>\n<meta property=\"og:title\" content=\"Piano and keyboard in music studies at the RPJAM music academy\" \/>\n<meta property=\"og:description\" content=\"In your music studies at the RPJAM Music Academy, focus on the keyboard instruments piano and keyboard. Click here for more information.\" \/>\n<meta property=\"og:url\" content=\"https:\/\/rpjam.academy\/klavier-keyboard\/\" \/>\n<meta property=\"og:site_name\" content=\"rpjam.academy\" \/>\n<meta property=\"article:publisher\" content=\"https:\/\/www.facebook.com\/RPJAM\" \/>\n<meta property=\"article:modified_time\" content=\"2021-06-16T10:43:02+00:00\" \/>\n<meta name=\"twitter:card\" content=\"summary_large_image\" \/>\n<meta name=\"twitter:label1\" content=\"Est. reading time\" \/>\n\t<meta name=\"twitter:data1\" content=\"6 minutes\" \/>\n<script type=\"application\/ld+json\" class=\"yoast-schema-graph\">{\"@context\":\"https:\\\/\\\/schema.org\",\"@graph\":[{\"@type\":\"WebPage\",\"@id\":\"https:\\\/\\\/rpjam.academy\\\/klavier-keyboard\\\/\",\"url\":\"https:\\\/\\\/rpjam.academy\\\/klavier-keyboard\\\/\",\"name\":\"Piano and keyboard in music studies at the RPJAM music academy\",\"isPartOf\":{\"@id\":\"https:\\\/\\\/rpjam.academy\\\/#website\"},\"datePublished\":\"2020-05-27T16:11:00+00:00\",\"dateModified\":\"2021-06-16T10:43:02+00:00\",\"description\":\"In your music studies at the RPJAM Music Academy, focus on the keyboard instruments piano and keyboard. Click here for more information.\",\"breadcrumb\":{\"@id\":\"https:\\\/\\\/rpjam.academy\\\/klavier-keyboard\\\/#breadcrumb\"},\"inLanguage\":\"en-US\",\"potentialAction\":[{\"@type\":\"ReadAction\",\"target\":[\"https:\\\/\\\/rpjam.academy\\\/klavier-keyboard\\\/\"]}]},{\"@type\":\"BreadcrumbList\",\"@id\":\"https:\\\/\\\/rpjam.academy\\\/klavier-keyboard\\\/#breadcrumb\",\"itemListElement\":[{\"@type\":\"ListItem\",\"position\":1,\"name\":\"Startseite\",\"item\":\"https:\\\/\\\/rpjam.academy\\\/en\\\/\"},{\"@type\":\"ListItem\",\"position\":2,\"name\":\"Piano-Keyboard\"}]},{\"@type\":\"WebSite\",\"@id\":\"https:\\\/\\\/rpjam.academy\\\/#website\",\"url\":\"https:\\\/\\\/rpjam.academy\\\/\",\"name\":\"rpjam.academy\",\"description\":\"Rock Pop Jazz Academy of Music RPJAM\",\"potentialAction\":[{\"@type\":\"SearchAction\",\"target\":{\"@type\":\"EntryPoint\",\"urlTemplate\":\"https:\\\/\\\/rpjam.academy\\\/?s={search_term_string}\"},\"query-input\":{\"@type\":\"PropertyValueSpecification\",\"valueRequired\":true,\"valueName\":\"search_term_string\"}}],\"inLanguage\":\"en-US\"}]}<\/script>\n<!-- \/ Yoast SEO plugin. -->","yoast_head_json":{"title":"Piano and keyboard in music studies at the RPJAM music academy","description":"In your music studies at the RPJAM Music Academy, focus on the keyboard instruments piano and keyboard. Click here for more information.","robots":{"index":"index","follow":"follow","max-snippet":"max-snippet:-1","max-image-preview":"max-image-preview:large","max-video-preview":"max-video-preview:-1"},"canonical":"https:\/\/rpjam.academy\/klavier-keyboard\/","og_locale":"en_US","og_type":"article","og_title":"Piano and keyboard in music studies at the RPJAM music academy","og_description":"In your music studies at the RPJAM Music Academy, focus on the keyboard instruments piano and keyboard. Click here for more information.","og_url":"https:\/\/rpjam.academy\/klavier-keyboard\/","og_site_name":"rpjam.academy","article_publisher":"https:\/\/www.facebook.com\/RPJAM","article_modified_time":"2021-06-16T10:43:02+00:00","twitter_card":"summary_large_image","twitter_misc":{"Est. reading time":"6 minutes"},"schema":{"@context":"https:\/\/schema.org","@graph":[{"@type":"WebPage","@id":"https:\/\/rpjam.academy\/klavier-keyboard\/","url":"https:\/\/rpjam.academy\/klavier-keyboard\/","name":"Piano and keyboard in music studies at the RPJAM music academy","isPartOf":{"@id":"https:\/\/rpjam.academy\/#website"},"datePublished":"2020-05-27T16:11:00+00:00","dateModified":"2021-06-16T10:43:02+00:00","description":"In your music studies at the RPJAM Music Academy, focus on the keyboard instruments piano and keyboard. Click here for more information.","breadcrumb":{"@id":"https:\/\/rpjam.academy\/klavier-keyboard\/#breadcrumb"},"inLanguage":"en-US","potentialAction":[{"@type":"ReadAction","target":["https:\/\/rpjam.academy\/klavier-keyboard\/"]}]},{"@type":"BreadcrumbList","@id":"https:\/\/rpjam.academy\/klavier-keyboard\/#breadcrumb","itemListElement":[{"@type":"ListItem","position":1,"name":"Startseite","item":"https:\/\/rpjam.academy\/en\/"},{"@type":"ListItem","position":2,"name":"Piano-Keyboard"}]},{"@type":"WebSite","@id":"https:\/\/rpjam.academy\/#website","url":"https:\/\/rpjam.academy\/","name":"rpjam.academy","description":"Rock Pop Jazz Academy of Music RPJAM","potentialAction":[{"@type":"SearchAction","target":{"@type":"EntryPoint","urlTemplate":"https:\/\/rpjam.academy\/?s={search_term_string}"},"query-input":{"@type":"PropertyValueSpecification","valueRequired":true,"valueName":"search_term_string"}}],"inLanguage":"en-US"}]}},"_links":{"self":[{"href":"https:\/\/rpjam.academy\/en\/wp-json\/wp\/v2\/pages\/3276","targetHints":{"allow":["GET"]}}],"collection":[{"href":"https:\/\/rpjam.academy\/en\/wp-json\/wp\/v2\/pages"}],"about":[{"href":"https:\/\/rpjam.academy\/en\/wp-json\/wp\/v2\/types\/page"}],"author":[{"embeddable":true,"href":"https:\/\/rpjam.academy\/en\/wp-json\/wp\/v2\/users\/1"}],"replies":[{"embeddable":true,"href":"https:\/\/rpjam.academy\/en\/wp-json\/wp\/v2\/comments?post=3276"}],"version-history":[{"count":0,"href":"https:\/\/rpjam.academy\/en\/wp-json\/wp\/v2\/pages\/3276\/revisions"}],"wp:attachment":[{"href":"https:\/\/rpjam.academy\/en\/wp-json\/wp\/v2\/media?parent=3276"}],"curies":[{"name":"wp","href":"https:\/\/api.w.org\/{rel}","templated":true}]}}